









{"id":370,"date":"2024-12-18T08:21:31","date_gmt":"2024-12-18T08:21:31","guid":{"rendered":"https:\/\/web-edr.x-tra.it\/?page_id=370"},"modified":"2024-12-18T08:34:03","modified_gmt":"2024-12-18T08:34:03","slug":"faq","status":"publish","type":"page","link":"https:\/\/web-stg-edr.x-tra.it\/en\/faq\/","title":{"rendered":"Faq"},"content":{"rendered":"\t\t<div data-elementor-type=\"wp-page\" data-elementor-id=\"370\" class=\"elementor elementor-370\">\n\t\t\t\t<div class=\"elementor-element elementor-element-956440f e-flex e-con-boxed e-con e-parent\" data-id=\"956440f\" data-element_type=\"container\">\n\t\t\t\t\t<div class=\"e-con-inner\">\n\t\t<div class=\"elementor-element elementor-element-294d2dc e-con-full e-flex e-con e-child\" data-id=\"294d2dc\" data-element_type=\"container\">\n\t\t\t\t<div class=\"elementor-element elementor-element-e85e23e elementor-widget elementor-widget-shortcode\" data-id=\"e85e23e\" data-element_type=\"widget\" data-widget_type=\"shortcode.default\">\n\t\t\t\t<div class=\"elementor-widget-container\">\n\t\t\t\t\t  \n\n        <div class=\"inner-customer-care-section\">\n            <div class=\"wrapper-customer-care-section\">\n                <div class=\"inner-title-customer-care\">\n                    <h5>Customer Services<\/h5>\n                <\/div>\n                <div class=\"inner-tx-customer-care\">\n                    <span><a href=\"https:\/\/web-stg-edr.x-tra.it\/contatti\/\">Contattaci<\/a><\/span>\n                    <span><a href=\"https:\/\/web-stg-edr.x-tra.it\/condizioni-generali\/#payment-methods\">Metodi di Pagamento<\/a><\/span>\n                    <span><a href=\"https:\/\/web-stg-edr.x-tra.it\/condizioni-generali\/\">Condizioni Generali<\/a><\/span>\n                    <span><a href=\"https:\/\/web-stg-edr.x-tra.it\/condizioni-generali\/#shipments\">Spedizioni<\/a><\/span>\n                    <span><a href=\"https:\/\/web-stg-edr.x-tra.it\/condizioni-generali\/#returns-and-services\">Resi e Servizi<\/a><\/span>\n                <\/div>\n            <\/div>\n        <\/div>\n \n    \t\t<div class=\"elementor-shortcode\"><\/div>\n\t\t\t\t\t\t<\/div>\n\t\t\t\t<\/div>\n\t\t\t\t<\/div>\n\t\t<div class=\"elementor-element elementor-element-0e8d7f6 e-con-full e-flex e-con e-child\" data-id=\"0e8d7f6\" data-element_type=\"container\">\n\t\t\t\t<div class=\"elementor-element elementor-element-11b38c2 elementor-widget elementor-widget-n-accordion\" data-id=\"11b38c2\" data-element_type=\"widget\" data-settings=\"{&quot;default_state&quot;:&quot;expanded&quot;,&quot;max_items_expended&quot;:&quot;one&quot;,&quot;n_accordion_animation_duration&quot;:{&quot;unit&quot;:&quot;ms&quot;,&quot;size&quot;:400,&quot;sizes&quot;:[]}}\" data-widget_type=\"nested-accordion.default\">\n\t\t\t\t<div class=\"elementor-widget-container\">\n\t\t\t\t\t\t\t<div class=\"e-n-accordion\" aria-label=\"Accordion. Open links with Enter or Space, close with Escape, and navigate with Arrow Keys\">\n\t\t\t\t\t\t<details id=\"e-n-accordion-item-1850\" class=\"e-n-accordion-item\" open>\n\t\t\t\t<summary class=\"e-n-accordion-item-title\" data-accordion-index=\"1\" tabindex=\"0\" aria-expanded=\"true\" aria-controls=\"e-n-accordion-item-1850\" >\n\t\t\t\t\t<span class='e-n-accordion-item-title-header'><div class=\"e-n-accordion-item-title-text\">  Come faccio a sapere se Edoro \u00e8 una ditta seria? <\/div><\/span>\n\t\t\t\t\t\t\t<span class='e-n-accordion-item-title-icon'>\n\t\t\t<span class='e-opened' ><svg aria-hidden=\"true\" class=\"e-font-icon-svg e-fas-minus\" viewBox=\"0 0 448 512\" xmlns=\"http:\/\/www.w3.org\/2000\/svg\"><path d=\"M416 208H32c-17.67 0-32 14.33-32 32v32c0 17.67 14.33 32 32 32h384c17.67 0 32-14.33 32-32v-32c0-17.67-14.33-32-32-32z\"><\/path><\/svg><\/span>\n\t\t\t<span class='e-closed'><svg aria-hidden=\"true\" class=\"e-font-icon-svg e-fas-plus\" viewBox=\"0 0 448 512\" xmlns=\"http:\/\/www.w3.org\/2000\/svg\"><path d=\"M416 208H272V64c0-17.67-14.33-32-32-32h-32c-17.67 0-32 14.33-32 32v144H32c-17.67 0-32 14.33-32 32v32c0 17.67 14.33 32 32 32h144v144c0 17.67 14.33 32 32 32h32c17.67 0 32-14.33 32-32V304h144c17.67 0 32-14.33 32-32v-32c0-17.67-14.33-32-32-32z\"><\/path><\/svg><\/span>\n\t\t<\/span>\n\n\t\t\t\t\t\t<\/summary>\n\t\t\t\t<div role=\"region\" aria-labelledby=\"e-n-accordion-item-1850\" class=\"elementor-element elementor-element-c855166 e-con-full e-flex e-con e-child\" data-id=\"c855166\" data-element_type=\"container\">\n\t\t\t\t<div class=\"elementor-element elementor-element-5ad0b00 elementor-widget elementor-widget-text-editor\" data-id=\"5ad0b00\" data-element_type=\"widget\" data-widget_type=\"text-editor.default\">\n\t\t\t\t<div class=\"elementor-widget-container\">\n\t\t\t\t\t\t\t\t\t<p>La seriet\u00e0 ed affidabilit\u00e0 della Edoro sono testimoniate, giorno dopo giorno, dai numerosi clienti affezionati e soddisfatti che continuano ad avere in noi il loro punto di riferimento e di fiducia in tema di diamanti, gioielli e orologi.<\/p>\t\t\t\t\t\t\t\t<\/div>\n\t\t\t\t<\/div>\n\t\t\t\t<\/div>\n\t\t\t\t\t<\/details>\n\t\t\t\t\t\t<details id=\"e-n-accordion-item-1851\" class=\"e-n-accordion-item\" >\n\t\t\t\t<summary class=\"e-n-accordion-item-title\" data-accordion-index=\"2\" tabindex=\"-1\" aria-expanded=\"false\" aria-controls=\"e-n-accordion-item-1851\" >\n\t\t\t\t\t<span class='e-n-accordion-item-title-header'><div class=\"e-n-accordion-item-title-text\"> Quali garanzie offre Edoro ai clienti che acquistano online? <\/div><\/span>\n\t\t\t\t\t\t\t<span class='e-n-accordion-item-title-icon'>\n\t\t\t<span class='e-opened' ><svg aria-hidden=\"true\" class=\"e-font-icon-svg e-fas-minus\" viewBox=\"0 0 448 512\" xmlns=\"http:\/\/www.w3.org\/2000\/svg\"><path d=\"M416 208H32c-17.67 0-32 14.33-32 32v32c0 17.67 14.33 32 32 32h384c17.67 0 32-14.33 32-32v-32c0-17.67-14.33-32-32-32z\"><\/path><\/svg><\/span>\n\t\t\t<span class='e-closed'><svg aria-hidden=\"true\" class=\"e-font-icon-svg e-fas-plus\" viewBox=\"0 0 448 512\" xmlns=\"http:\/\/www.w3.org\/2000\/svg\"><path d=\"M416 208H272V64c0-17.67-14.33-32-32-32h-32c-17.67 0-32 14.33-32 32v144H32c-17.67 0-32 14.33-32 32v32c0 17.67 14.33 32 32 32h144v144c0 17.67 14.33 32 32 32h32c17.67 0 32-14.33 32-32V304h144c17.67 0 32-14.33 32-32v-32c0-17.67-14.33-32-32-32z\"><\/path><\/svg><\/span>\n\t\t<\/span>\n\n\t\t\t\t\t\t<\/summary>\n\t\t\t\t<div role=\"region\" aria-labelledby=\"e-n-accordion-item-1851\" class=\"elementor-element elementor-element-5dcf0b0 e-con-full e-flex e-con e-child\" data-id=\"5dcf0b0\" data-element_type=\"container\">\n\t\t\t\t<div class=\"elementor-element elementor-element-dfe5a7a elementor-widget elementor-widget-text-editor\" data-id=\"dfe5a7a\" data-element_type=\"widget\" data-widget_type=\"text-editor.default\">\n\t\t\t\t<div class=\"elementor-widget-container\">\n\t\t\t\t\t\t\t\t\t<p>I clienti che acquistano online godono delle stesse garanzie ed attenzioni riservate ai clienti tradizionali. Tutti i nostri prodotti sono accompagnati dal relativo certificato di garanzia ed autenticit\u00e0 e nel caso di gioielli in oro e diamanti, dal certificato di purezza-gradazione delle pietre e del peso dell\u2019oro impiegato rilasciato direttamente da noi. Qualsiasi articolo, prima di essere spedito, viene rigorosamente controllato ed ispezionato.<\/p>\t\t\t\t\t\t\t\t<\/div>\n\t\t\t\t<\/div>\n\t\t\t\t<\/div>\n\t\t\t\t\t<\/details>\n\t\t\t\t\t\t<details id=\"e-n-accordion-item-1852\" class=\"e-n-accordion-item\" >\n\t\t\t\t<summary class=\"e-n-accordion-item-title\" data-accordion-index=\"3\" tabindex=\"-1\" aria-expanded=\"false\" aria-controls=\"e-n-accordion-item-1852\" >\n\t\t\t\t\t<span class='e-n-accordion-item-title-header'><div class=\"e-n-accordion-item-title-text\"> Posso avvalermi del diritto di recesso? <\/div><\/span>\n\t\t\t\t\t\t\t<span class='e-n-accordion-item-title-icon'>\n\t\t\t<span class='e-opened' ><svg aria-hidden=\"true\" class=\"e-font-icon-svg e-fas-minus\" viewBox=\"0 0 448 512\" xmlns=\"http:\/\/www.w3.org\/2000\/svg\"><path d=\"M416 208H32c-17.67 0-32 14.33-32 32v32c0 17.67 14.33 32 32 32h384c17.67 0 32-14.33 32-32v-32c0-17.67-14.33-32-32-32z\"><\/path><\/svg><\/span>\n\t\t\t<span class='e-closed'><svg aria-hidden=\"true\" class=\"e-font-icon-svg e-fas-plus\" viewBox=\"0 0 448 512\" xmlns=\"http:\/\/www.w3.org\/2000\/svg\"><path d=\"M416 208H272V64c0-17.67-14.33-32-32-32h-32c-17.67 0-32 14.33-32 32v144H32c-17.67 0-32 14.33-32 32v32c0 17.67 14.33 32 32 32h144v144c0 17.67 14.33 32 32 32h32c17.67 0 32-14.33 32-32V304h144c17.67 0 32-14.33 32-32v-32c0-17.67-14.33-32-32-32z\"><\/path><\/svg><\/span>\n\t\t<\/span>\n\n\t\t\t\t\t\t<\/summary>\n\t\t\t\t<div role=\"region\" aria-labelledby=\"e-n-accordion-item-1852\" class=\"elementor-element elementor-element-e3cdaee e-con-full e-flex e-con e-child\" data-id=\"e3cdaee\" data-element_type=\"container\">\n\t\t\t\t<div class=\"elementor-element elementor-element-99d8a17 elementor-widget elementor-widget-text-editor\" data-id=\"99d8a17\" data-element_type=\"widget\" data-widget_type=\"text-editor.default\">\n\t\t\t\t<div class=\"elementor-widget-container\">\n\t\t\t\t\t\t\t\t\t<p>Certamente. Gli acquisti effettuati sul nostro sito, come tutti gli acquisti a distanza tramite telefono o corrispondenza, poich\u00e9 avvengono al di fuori del nostro locale commerciale, sono tutelati dal D.LGS n.206\/05, che prevede la possibilit\u00e0 da parte del consumatore finale di esercitare il diritto di recesso. Egli pu\u00f2 esercitare tale diritto entro un termine di 14 giorni lavorativi dal ricevimento della merce: consiste nella facolt\u00e0 di restituzione del bene acquistato al fornitore senza alcuna penalit\u00e0 e senza specificarne il motivo, con il relativo rimborso del prezzo di acquisto.<\/p>\t\t\t\t\t\t\t\t<\/div>\n\t\t\t\t<\/div>\n\t\t\t\t<\/div>\n\t\t\t\t\t<\/details>\n\t\t\t\t\t<\/div>\n\t\t\t\t\t\t<\/div>\n\t\t\t\t<\/div>\n\t\t\t\t<\/div>\n\t\t\t\t\t<\/div>\n\t\t\t\t<\/div>\n\t\t\t\t<\/div>\n\t\t","protected":false},"excerpt":{"rendered":"<p>Come faccio a sapere se Edoro \u00e8 una ditta seria? La seriet\u00e0 ed affidabilit\u00e0 della Edoro sono testimoniate, giorno dopo giorno, dai numerosi clienti affezionati e soddisfatti che continuano ad avere in noi il loro punto di riferimento e di fiducia in tema di diamanti, gioielli e orologi. Quali garanzie offre Edoro ai clienti che [&hellip;]<\/p>\n","protected":false},"author":1,"featured_media":0,"parent":0,"menu_order":0,"comment_status":"closed","ping_status":"closed","template":"","meta":{"footnotes":""},"class_list":["post-370","page","type-page","status-publish","hentry"],"_links":{"self":[{"href":"https:\/\/web-stg-edr.x-tra.it\/en\/wp-json\/wp\/v2\/pages\/370","targetHints":{"allow":["GET"]}}],"collection":[{"href":"https:\/\/web-stg-edr.x-tra.it\/en\/wp-json\/wp\/v2\/pages"}],"about":[{"href":"https:\/\/web-stg-edr.x-tra.it\/en\/wp-json\/wp\/v2\/types\/page"}],"author":[{"embeddable":true,"href":"https:\/\/web-stg-edr.x-tra.it\/en\/wp-json\/wp\/v2\/users\/1"}],"replies":[{"embeddable":true,"href":"https:\/\/web-stg-edr.x-tra.it\/en\/wp-json\/wp\/v2\/comments?post=370"}],"version-history":[{"count":11,"href":"https:\/\/web-stg-edr.x-tra.it\/en\/wp-json\/wp\/v2\/pages\/370\/revisions"}],"predecessor-version":[{"id":382,"href":"https:\/\/web-stg-edr.x-tra.it\/en\/wp-json\/wp\/v2\/pages\/370\/revisions\/382"}],"wp:attachment":[{"href":"https:\/\/web-stg-edr.x-tra.it\/en\/wp-json\/wp\/v2\/media?parent=370"}],"curies":[{"name":"wp","href":"https:\/\/api.w.org\/{rel}","templated":true}]}}